{"id":4859,"date":"2025-05-27T11:04:36","date_gmt":"2025-05-27T09:04:36","guid":{"rendered":"https:\/\/mamasbaby.ba\/?post_type=product&#038;p=4859"},"modified":"2025-06-12T13:13:57","modified_gmt":"2025-06-12T11:13:57","slug":"super-mama-mamas-baby-eko-ceker","status":"publish","type":"product","link":"https:\/\/mamasbaby.ba\/en\/product\/super-mama-mamas-baby-eko-ceker\/","title":{"rendered":"Super mama &#8211; Mama&#8217;s baby eko ceker"},"content":{"rendered":"<p>Ovaj savr\u0161eno prakti\u010dni ceker idealan je za svakodnevne obaveze jedne mame. A poruka &#8220;Super mama&#8221; koja se nalazi na njemu podsje\u0107a da i kada je te\u0161ko mame su zaista super heroji koji sve mogu: sti\u0107i u nabavku, oti\u0107i po bebu u vrti\u0107, organizovati izlet u prirodu i jo\u0161 mnogo vi\u0161e. Ceker je od \u010distog pamuka 100%, dimenzija 35,5 x 38,5 cm.<\/p>\n<p>&nbsp;<\/p>","protected":false},"excerpt":{"rendered":"<p>Ovaj savr\u0161eno prakti\u010dni ceker idealan je za svakodnevne obaveze jedne mame. A poruka &#8220;Super mama&#8221; koja se nalazi na njemu podsje\u0107a da i kada je te\u0161ko mame su zaista super heroji koji sve mogu: sti\u0107i u nabavku, oti\u0107i po bebu u vrti\u0107, organizovati izlet u prirodu i jo\u0161 mnogo vi\u0161e. Ceker je od \u010distog pamuka 100%, dimenzija 35,5 x 38,5 cm.<\/p>\n<p>&nbsp;<\/p>","protected":false},"featured_media":4860,"comment_status":"open","ping_status":"closed","template":"","meta":{"iawp_total_views":30},"product_brand":[],"product_cat":[80],"product_tag":[36,84,81,83,82,86,85,87],"class_list":{"0":"post-4859","1":"product","2":"type-product","3":"status-publish","4":"has-post-thumbnail","6":"product_cat-dodaci","7":"product_tag-baby","8":"product_tag-bebe","9":"product_tag-ceker","10":"product_tag-eco","11":"product_tag-eko","12":"product_tag-mama","13":"product_tag-mame","14":"product_tag-super-mama","16":"first","17":"instock","18":"shipping-taxable","19":"purchasable","20":"product-type-simple"},"_links":{"self":[{"href":"https:\/\/mamasbaby.ba\/en\/wp-json\/wp\/v2\/product\/4859","targetHints":{"allow":["GET"]}}],"collection":[{"href":"https:\/\/mamasbaby.ba\/en\/wp-json\/wp\/v2\/product"}],"about":[{"href":"https:\/\/mamasbaby.ba\/en\/wp-json\/wp\/v2\/types\/product"}],"replies":[{"embeddable":true,"href":"https:\/\/mamasbaby.ba\/en\/wp-json\/wp\/v2\/comments?post=4859"}],"wp:featuredmedia":[{"embeddable":true,"href":"https:\/\/mamasbaby.ba\/en\/wp-json\/wp\/v2\/media\/4860"}],"wp:attachment":[{"href":"https:\/\/mamasbaby.ba\/en\/wp-json\/wp\/v2\/media?parent=4859"}],"wp:term":[{"taxonomy":"product_brand","embeddable":true,"href":"https:\/\/mamasbaby.ba\/en\/wp-json\/wp\/v2\/product_brand?post=4859"},{"taxonomy":"product_cat","embeddable":true,"href":"https:\/\/mamasbaby.ba\/en\/wp-json\/wp\/v2\/product_cat?post=4859"},{"taxonomy":"product_tag","embeddable":true,"href":"https:\/\/mamasbaby.ba\/en\/wp-json\/wp\/v2\/product_tag?post=4859"}],"curies":[{"name":"wp","href":"https:\/\/api.w.org\/{rel}","templated":true}]}}