{"id":4448,"date":"2024-02-12T16:02:15","date_gmt":"2024-02-12T15:02:15","guid":{"rendered":"https:\/\/mamasbaby.ba\/?post_type=product&#038;p=4448"},"modified":"2024-02-12T16:05:07","modified_gmt":"2024-02-12T15:05:07","slug":"mamas-baby-book-njemacka-verzija","status":"publish","type":"product","link":"https:\/\/mamasbaby.ba\/en\/product\/mamas-baby-book-njemacka-verzija\/","title":{"rendered":"Mama&#8217;s baby book (Njema\u010dka verzija)"},"content":{"rendered":"<p>U svojoj finalnoj verziji Mama\u2019s Baby Book (<span>Verzija na Njema\u010dkom jeziku) <\/span>sadr\u017ei:<\/p>\n<ul>\n<li>64 pages<\/li>\n<li>Mama\u2019s stickere<\/li>\n<li>Picture cards<\/li>\n<\/ul>\n<p>Posebno smo ponosni na \u010dinjenicu da je proizvod ekolo\u0161ki prihvatljiv \u2013 koristimo reciklirani, eko papir kao i boje i na taj na\u010din dajemo na\u0161 doprinos o\u010duvanju okoli\u0161a.<\/p>\n<p>Projekat ima i humanitarni karakter, te od svakog prodatog primjerka doniramo 5,00 BAM u dobrotvorne svrhe, djeci bez roditeljskog staranja.<\/p>","protected":false},"excerpt":{"rendered":"<p><strong>Mama\u2019s Baby Book<\/strong><span> (Verzija na Njema\u010dkom jeziku) <\/span>je radosnica za bebe i roditelje koja je nastala kao rezultat vi\u0161emjese\u010dnog rada na\u0161eg vrijednog tima.<\/p>\n<p>U svojoj finalnoj verziji Mama\u2019s Baby Book sadr\u017ei:<\/p>\n<ul>\n<li>64 pages<\/li>\n<li>Mama\u2019s stickere<\/li>\n<li>Picture cards<\/li>\n<\/ul>","protected":false},"featured_media":3645,"comment_status":"open","ping_status":"closed","template":"","meta":{"iawp_total_views":866},"product_brand":[],"product_cat":[74],"product_tag":[],"class_list":{"0":"post-4448","1":"product","2":"type-product","3":"status-publish","4":"has-post-thumbnail","6":"product_cat-baby-book","8":"first","9":"instock","10":"featured","11":"shipping-taxable","12":"purchasable","13":"product-type-simple"},"_links":{"self":[{"href":"https:\/\/mamasbaby.ba\/en\/wp-json\/wp\/v2\/product\/4448","targetHints":{"allow":["GET"]}}],"collection":[{"href":"https:\/\/mamasbaby.ba\/en\/wp-json\/wp\/v2\/product"}],"about":[{"href":"https:\/\/mamasbaby.ba\/en\/wp-json\/wp\/v2\/types\/product"}],"replies":[{"embeddable":true,"href":"https:\/\/mamasbaby.ba\/en\/wp-json\/wp\/v2\/comments?post=4448"}],"wp:featuredmedia":[{"embeddable":true,"href":"https:\/\/mamasbaby.ba\/en\/wp-json\/wp\/v2\/media\/3645"}],"wp:attachment":[{"href":"https:\/\/mamasbaby.ba\/en\/wp-json\/wp\/v2\/media?parent=4448"}],"wp:term":[{"taxonomy":"product_brand","embeddable":true,"href":"https:\/\/mamasbaby.ba\/en\/wp-json\/wp\/v2\/product_brand?post=4448"},{"taxonomy":"product_cat","embeddable":true,"href":"https:\/\/mamasbaby.ba\/en\/wp-json\/wp\/v2\/product_cat?post=4448"},{"taxonomy":"product_tag","embeddable":true,"href":"https:\/\/mamasbaby.ba\/en\/wp-json\/wp\/v2\/product_tag?post=4448"}],"curies":[{"name":"wp","href":"https:\/\/api.w.org\/{rel}","templated":true}]}}