{"id":2938,"date":"2024-01-17T13:51:52","date_gmt":"2024-01-17T12:51:52","guid":{"rendered":"http:\/\/littledino.wgl-demo.net\/?post_type=product&#038;p=2938"},"modified":"2025-03-02T22:14:56","modified_gmt":"2025-03-02T21:14:56","slug":"mamas-baby-book","status":"publish","type":"product","link":"https:\/\/mamasbaby.ba\/en\/product\/mamas-baby-book\/","title":{"rendered":"Mama&#8217;s baby book radosnica"},"content":{"rendered":"<p>U svojoj finalnoj verziji Mama\u2019s Baby Book sadr\u017ei:<\/p>\n<ul>\n<li>64 pages<\/li>\n<li>Mama\u2019s stickere<\/li>\n<li>Picture cards<\/li>\n<\/ul>\n<p>Posebno smo ponosni na \u010dinjenicu da je proizvod ekolo\u0161ki prihvatljiv \u2013 koristimo reciklirani, eko papir kao i boje i na taj na\u010din dajemo na\u0161 doprinos o\u010duvanju okoli\u0161a.<\/p>\n<p>Projekat ima i humanitarni karakter, te od svakog prodatog primjerka doniramo 5,00 BAM u dobrotvorne svrhe, djeci bez roditeljskog staranja.<\/p>","protected":false},"excerpt":{"rendered":"<p><strong>Mama\u2019s Baby Book<\/strong><span>\u00a0<\/span>je radosnica za bebe i roditelje koja je nastala kao rezultat vi\u0161emjese\u010dnog rada na\u0161eg vrijednog tima.<\/p>\n<p>U svojoj finalnoj verziji Mama\u2019s Baby Book sadr\u017ei:<\/p>\n<ul>\n<li>64 pages<\/li>\n<li>Mama\u2019s stickere<\/li>\n<li>Picture cards<\/li>\n<\/ul>","protected":false},"featured_media":3645,"comment_status":"open","ping_status":"closed","template":"","meta":{"iawp_total_views":2424},"product_brand":[],"product_cat":[74],"product_tag":[],"class_list":{"0":"post-2938","1":"product","2":"type-product","3":"status-publish","4":"has-post-thumbnail","6":"product_cat-baby-book","8":"first","9":"instock","10":"featured","11":"shipping-taxable","12":"purchasable","13":"product-type-simple"},"_links":{"self":[{"href":"https:\/\/mamasbaby.ba\/en\/wp-json\/wp\/v2\/product\/2938","targetHints":{"allow":["GET"]}}],"collection":[{"href":"https:\/\/mamasbaby.ba\/en\/wp-json\/wp\/v2\/product"}],"about":[{"href":"https:\/\/mamasbaby.ba\/en\/wp-json\/wp\/v2\/types\/product"}],"replies":[{"embeddable":true,"href":"https:\/\/mamasbaby.ba\/en\/wp-json\/wp\/v2\/comments?post=2938"}],"wp:featuredmedia":[{"embeddable":true,"href":"https:\/\/mamasbaby.ba\/en\/wp-json\/wp\/v2\/media\/3645"}],"wp:attachment":[{"href":"https:\/\/mamasbaby.ba\/en\/wp-json\/wp\/v2\/media?parent=2938"}],"wp:term":[{"taxonomy":"product_brand","embeddable":true,"href":"https:\/\/mamasbaby.ba\/en\/wp-json\/wp\/v2\/product_brand?post=2938"},{"taxonomy":"product_cat","embeddable":true,"href":"https:\/\/mamasbaby.ba\/en\/wp-json\/wp\/v2\/product_cat?post=2938"},{"taxonomy":"product_tag","embeddable":true,"href":"https:\/\/mamasbaby.ba\/en\/wp-json\/wp\/v2\/product_tag?post=2938"}],"curies":[{"name":"wp","href":"https:\/\/api.w.org\/{rel}","templated":true}]}}